{"id":569,"date":"2020-03-24T16:24:59","date_gmt":"2020-03-24T16:24:59","guid":{"rendered":"https:\/\/abavbgroup.com\/?page_id=569"},"modified":"2023-10-17T14:51:05","modified_gmt":"2023-10-17T14:51:05","slug":"parent-resources","status":"publish","type":"page","link":"https:\/\/abavbgroup.com\/mx\/parent-resources\/","title":{"rendered":"Recursos para padres"},"content":{"rendered":"<div data-elementor-type=\"wp-page\" data-elementor-id=\"569\" class=\"elementor elementor-569\" data-elementor-post-type=\"page\">\n\t\t\t\t\t\t<section class=\"elementor-section elementor-top-section elementor-element elementor-element-da5deb9 elementor-section-boxed elementor-section-height-default elementor-section-height-default\" data-id=\"da5deb9\" data-element_type=\"section\" data-e-type=\"section\">\n\t\t\t\t\t\t<div class=\"elementor-container elementor-column-gap-default\">\n\t\t\t\t\t<div class=\"elementor-column elementor-col-33 elementor-top-column elementor-element elementor-element-8ad4da3\" data-id=\"8ad4da3\" data-element_type=\"column\" data-e-type=\"column\">\n\t\t\t<div class=\"elementor-widget-wrap elementor-element-populated\">\n\t\t\t\t\t\t<div class=\"elementor-element elementor-element-7389404 sidebar-nav sidebar-sticky elementor-widget elementor-widget-wp-widget-nav_menu\" data-id=\"7389404\" data-element_type=\"widget\" data-e-type=\"widget\" data-widget_type=\"wp-widget-nav_menu.default\">\n\t\t\t\t<div class=\"elementor-widget-container\">\n\t\t\t\t\t<div class=\"menu-sidebar-parents-resources-container\"><ul id=\"menu-sidebar-parents-resources\" class=\"menu\"><li id=\"menu-item-579\" class=\"menu-item menu-item-type-custom menu-item-object-custom menu-item-579\"><a href=\"#forms\">Formas<\/a><\/li>\n<li id=\"menu-item-580\" class=\"menu-item menu-item-type-custom menu-item-object-custom menu-item-580\"><a href=\"#recommended-books\">Libros recomendados<\/a><\/li>\n<li id=\"menu-item-581\" class=\"menu-item menu-item-type-custom menu-item-object-custom menu-item-581\"><a href=\"#resources\">Recursos<\/a><\/li>\n<li id=\"menu-item-586\" class=\"menu-item menu-item-type-custom menu-item-object-custom menu-item-586\"><a href=\"#specifics\">Detalles espec\u00edficos<\/a><\/li>\n<li id=\"menu-item-849\" class=\"menu-item menu-item-type-post_type menu-item-object-page menu-item-849\"><a href=\"https:\/\/abavbgroup.com\/mx\/news-and-updates\/\">Percepciones<\/a><\/li>\n<\/ul><\/div>\t\t\t\t<\/div>\n\t\t\t\t<\/div>\n\t\t\t\t\t<\/div>\n\t\t<\/div>\n\t\t\t\t<div class=\"elementor-column elementor-col-66 elementor-top-column elementor-element elementor-element-c90e606\" data-id=\"c90e606\" data-element_type=\"column\" data-e-type=\"column\">\n\t\t\t<div class=\"elementor-widget-wrap elementor-element-populated\">\n\t\t\t\t\t\t<div class=\"elementor-element elementor-element-c70b840 elementor-widget elementor-widget-image\" data-id=\"c70b840\" data-element_type=\"widget\" data-e-type=\"widget\" data-widget_type=\"image.default\">\n\t\t\t\t<div class=\"elementor-widget-container\">\n\t\t\t\t\t\t\t\t\t\t\t\t\t\t\t<img fetchpriority=\"high\" decoding=\"async\" width=\"1024\" height=\"683\" src=\"https:\/\/abavbgroup.com\/wp-content\/uploads\/2020\/05\/iStock-867162842-1024x683.jpg\" class=\"attachment-large size-large wp-image-686\" alt=\"\" srcset=\"https:\/\/abavbgroup.com\/wp-content\/uploads\/2020\/05\/iStock-867162842-1024x683.jpg 1024w, https:\/\/abavbgroup.com\/wp-content\/uploads\/2020\/05\/iStock-867162842-300x200.jpg 300w, https:\/\/abavbgroup.com\/wp-content\/uploads\/2020\/05\/iStock-867162842-768x512.jpg 768w, https:\/\/abavbgroup.com\/wp-content\/uploads\/2020\/05\/iStock-867162842.jpg 1254w\" sizes=\"(max-width: 1024px) 100vw, 1024px\" \/>\t\t\t\t\t\t\t\t\t\t\t\t\t\t\t<\/div>\n\t\t\t\t<\/div>\n\t\t\t\t<div class=\"elementor-element elementor-element-6e863ba heading-orange elementor-widget elementor-widget-heading\" data-id=\"6e863ba\" data-element_type=\"widget\" data-e-type=\"widget\" data-widget_type=\"heading.default\">\n\t\t\t\t<div class=\"elementor-widget-container\">\n\t\t\t\t\t<h2 class=\"elementor-heading-title elementor-size-default\">Informaci\u00f3n para padres y tutores<\/h2>\t\t\t\t<\/div>\n\t\t\t\t<\/div>\n\t\t\t\t<div class=\"elementor-element elementor-element-d93a4af elementor-widget elementor-widget-text-editor\" data-id=\"d93a4af\" data-element_type=\"widget\" data-e-type=\"widget\" data-widget_type=\"text-editor.default\">\n\t\t\t\t<div class=\"elementor-widget-container\">\n\t\t\t\t\t\t\t\t\t<p>A continuaci\u00f3n se presentan algunos formularios que pueden necesitar en el transcurso de nuestra relaci\u00f3n de trabajo juntos, as\u00ed como informaci\u00f3n sobre nuestro compromiso con su privacidad. Parte de esta informaci\u00f3n puede ser complicada; cont\u00e1ctenos si tiene alguna pregunta o necesita ayuda.<\/p>\t\t\t\t\t\t\t\t<\/div>\n\t\t\t\t<\/div>\n\t\t\t\t<section class=\"elementor-section elementor-inner-section elementor-element elementor-element-1062223 elementor-section-boxed elementor-section-height-default elementor-section-height-default\" data-id=\"1062223\" data-element_type=\"section\" data-e-type=\"section\">\n\t\t\t\t\t\t<div class=\"elementor-container elementor-column-gap-default\">\n\t\t\t\t\t<div class=\"elementor-column elementor-col-100 elementor-inner-column elementor-element elementor-element-9e896dd\" data-id=\"9e896dd\" data-element_type=\"column\" data-e-type=\"column\">\n\t\t\t<div class=\"elementor-widget-wrap elementor-element-populated\">\n\t\t\t\t\t\t<div class=\"elementor-element elementor-element-e59f5c1 heading-orange elementor-widget elementor-widget-heading\" data-id=\"e59f5c1\" data-element_type=\"widget\" data-e-type=\"widget\" data-widget_type=\"heading.default\">\n\t\t\t\t<div class=\"elementor-widget-container\">\n\t\t\t\t\t<h2 class=\"elementor-heading-title elementor-size-default\">Privacidad de su salud<\/h2>\t\t\t\t<\/div>\n\t\t\t\t<\/div>\n\t\t\t\t<div class=\"elementor-element elementor-element-bdffd01 elementor-widget elementor-widget-text-editor\" data-id=\"bdffd01\" data-element_type=\"widget\" data-e-type=\"widget\" data-widget_type=\"text-editor.default\">\n\t\t\t\t<div class=\"elementor-widget-container\">\n\t\t\t\t\t\t\t\t\t<div>HIPPA, la Ley de Responsabilidad y Portabilidad del Seguro de Salud, es una ley que consiste en un conjunto de reglas dise\u00f1adas para facilitar que las personas mantengan el seguro de salud y protejan y mantengan la informaci\u00f3n de atenci\u00f3n m\u00e9dica de las personas privadas.<\/div><div>\u00a0<\/div><div id=\"ext-gen2184\">ABA &amp; Verbal Behavior Group se compromete a crear un entorno que mantenga la confianza de los clientes y proteja sus derechos a la privacidad. Esta cultura de confidencialidad es nuestra responsabilidad \u00e9tica y legal.<\/div>\t\t\t\t\t\t\t\t<\/div>\n\t\t\t\t<\/div>\n\t\t\t\t\t<\/div>\n\t\t<\/div>\n\t\t\t\t\t<\/div>\n\t\t<\/section>\n\t\t\t\t<section class=\"elementor-section elementor-inner-section elementor-element elementor-element-820839c elementor-section-boxed elementor-section-height-default elementor-section-height-default\" data-id=\"820839c\" data-element_type=\"section\" data-e-type=\"section\">\n\t\t\t\t\t\t<div class=\"elementor-container elementor-column-gap-default\">\n\t\t\t\t\t<div class=\"elementor-column elementor-col-100 elementor-inner-column elementor-element elementor-element-5efd6cb\" data-id=\"5efd6cb\" data-element_type=\"column\" data-e-type=\"column\">\n\t\t\t<div class=\"elementor-widget-wrap elementor-element-populated\">\n\t\t\t\t\t\t<div class=\"elementor-element elementor-element-d94a773 heading-orange elementor-widget elementor-widget-heading\" data-id=\"d94a773\" data-element_type=\"widget\" data-e-type=\"widget\" data-widget_type=\"heading.default\">\n\t\t\t\t<div class=\"elementor-widget-container\">\n\t\t\t\t\t<h2 class=\"elementor-heading-title elementor-size-default\">Pol\u00edtica de cancelaci\u00f3n<\/h2>\t\t\t\t<\/div>\n\t\t\t\t<\/div>\n\t\t\t\t<div class=\"elementor-element elementor-element-cb65ad4 elementor-widget elementor-widget-text-editor\" data-id=\"cb65ad4\" data-element_type=\"widget\" data-e-type=\"widget\" data-widget_type=\"text-editor.default\">\n\t\t\t\t<div class=\"elementor-widget-container\">\n\t\t\t\t\t\t\t\t\t<p>Si necesita cancelar una sesi\u00f3n, llame a la l\u00ednea de cancelaci\u00f3n \/ Michelle al 619 \/ 598-2924. Para sesiones de la tarde del mismo d\u00eda, llame o env\u00ede un mensaje de texto al supervisor. Se requiere aviso antes de las 7AM el d\u00eda de la sesi\u00f3n para la cancelaci\u00f3n o se cobrar\u00e1 una tarifa de servicio $50. Se requiere cancelaci\u00f3n en el caso de cualquier condici\u00f3n contagiosa que incluya mucosa descolorida, fiebre, v\u00f3mitos o erupci\u00f3n cut\u00e1nea de origen desconocido. Los intervencionistas conductuales pueden cancelar una sesi\u00f3n si creen que corren el riesgo de contagiarse de una enfermedad de mi hijo o familiar.<\/p>\t\t\t\t\t\t\t\t<\/div>\n\t\t\t\t<\/div>\n\t\t\t\t\t<\/div>\n\t\t<\/div>\n\t\t\t\t\t<\/div>\n\t\t<\/section>\n\t\t\t\t<section class=\"elementor-section elementor-inner-section elementor-element elementor-element-480f2a4 elementor-section-boxed elementor-section-height-default elementor-section-height-default\" data-id=\"480f2a4\" data-element_type=\"section\" data-e-type=\"section\" id=\"forms\">\n\t\t\t\t\t\t<div class=\"elementor-container elementor-column-gap-default\">\n\t\t\t\t\t<div class=\"elementor-column elementor-col-100 elementor-inner-column elementor-element elementor-element-f4108c1\" data-id=\"f4108c1\" data-element_type=\"column\" data-e-type=\"column\">\n\t\t\t<div class=\"elementor-widget-wrap elementor-element-populated\">\n\t\t\t\t\t\t<div class=\"elementor-element elementor-element-983a51a heading-orange elementor-widget elementor-widget-heading\" data-id=\"983a51a\" data-element_type=\"widget\" data-e-type=\"widget\" data-widget_type=\"heading.default\">\n\t\t\t\t<div class=\"elementor-widget-container\">\n\t\t\t\t\t<h2 class=\"elementor-heading-title elementor-size-default\">Formas<\/h2>\t\t\t\t<\/div>\n\t\t\t\t<\/div>\n\t\t\t\t<div class=\"elementor-element elementor-element-fbe9337 elementor-widget elementor-widget-text-editor\" data-id=\"fbe9337\" data-element_type=\"widget\" data-e-type=\"widget\" data-widget_type=\"text-editor.default\">\n\t\t\t\t<div class=\"elementor-widget-container\">\n\t\t\t\t\t\t\t\t\t<ul data-rte-list=\"default\"><li><a href=\"https:\/\/abavbgroup.com\/wp-content\/uploads\/2021\/07\/Parent-Handbook.pdf\" target=\"_blank\" rel=\"noopener\">Parent Handbook<\/a> (aborda nuestra relaci\u00f3n de trabajo, lo que se espera de cada uno de nosotros, las pol\u00edticas de cancelaci\u00f3n y pago y otra informaci\u00f3n importante)<\/li><li><a href=\"https:\/\/abavbgroup.com\/wp-content\/uploads\/2021\/07\/Grievance-Form.doc\" rel=\"noopener\">Parent Grievance Form<\/a><\/li><li><a href=\"https:\/\/abavbgroup.com\/wp-content\/uploads\/2022\/05\/ABAVB-Clients-HIPAA-Notice-of-Privacy.pdf\" target=\"_blank\" rel=\"noopener\">Aviso de pr\u00e1cticas de privacidad de HIPAA<\/a><\/li><li><a href=\"https:\/\/abavbgroup.com\/wp-content\/uploads\/2022\/05\/ABAVB-Request-for-Restrictions-Of-Protected-Health-Care-Information.pdf\" target=\"_blank\" rel=\"noopener\">Solicitud de restricciones de PHI<\/a><\/li><li><a href=\"https:\/\/abavbgroup.com\/wp-content\/uploads\/2022\/05\/Auth-to-Release-.pdf\" target=\"_blank\" rel=\"noopener\">Autorizaci\u00f3n para divulgar informaci\u00f3n<\/a><\/li><li><a href=\"https:\/\/abavbgroup.com\/mx\/aba_report\/\">Anonymous Report Form<\/a><\/li><\/ul>\t\t\t\t\t\t\t\t<\/div>\n\t\t\t\t<\/div>\n\t\t\t\t\t<\/div>\n\t\t<\/div>\n\t\t\t\t\t<\/div>\n\t\t<\/section>\n\t\t\t\t<section class=\"elementor-section elementor-inner-section elementor-element elementor-element-633ed8d elementor-section-boxed elementor-section-height-default elementor-section-height-default\" data-id=\"633ed8d\" data-element_type=\"section\" data-e-type=\"section\" id=\"recommended-books\">\n\t\t\t\t\t\t<div class=\"elementor-container elementor-column-gap-default\">\n\t\t\t\t\t<div class=\"elementor-column elementor-col-100 elementor-inner-column elementor-element elementor-element-62c30d2\" data-id=\"62c30d2\" data-element_type=\"column\" data-e-type=\"column\">\n\t\t\t<div class=\"elementor-widget-wrap elementor-element-populated\">\n\t\t\t\t\t\t<div class=\"elementor-element elementor-element-c601c59 heading-orange elementor-widget elementor-widget-heading\" data-id=\"c601c59\" data-element_type=\"widget\" data-e-type=\"widget\" data-widget_type=\"heading.default\">\n\t\t\t\t<div class=\"elementor-widget-container\">\n\t\t\t\t\t<h2 class=\"elementor-heading-title elementor-size-default\">Libros que recomendamos<\/h2>\t\t\t\t<\/div>\n\t\t\t\t<\/div>\n\t\t\t\t<div class=\"elementor-element elementor-element-5dcf9bb elementor-widget elementor-widget-text-editor\" data-id=\"5dcf9bb\" data-element_type=\"widget\" data-e-type=\"widget\" data-widget_type=\"text-editor.default\">\n\t\t\t\t<div class=\"elementor-widget-container\">\n\t\t\t\t\t\t\t\t\t<ul data-rte-list=\"default\"><li>Latham, GI (1990) <a href=\"https:\/\/www.amazon.com\/Power-Positive-Parenting-Wonderful-Children\/dp\/1567131751\/ref=sr_1_2?s=books&amp;ie=UTF8&amp;qid=1543359077&amp;sr=1-2&amp;keywords=the+power+of+positive+parenting\" target=\"_blank\" rel=\"noopener\">El poder de la crianza positiva<\/a>. Logan, UT: P&amp;T Ink<\/li><li>Barbera, ML (2007) <a href=\"https:\/\/www.amazon.com\/Verbal-Behavior-Approach-first-Text\/dp\/B004TXX524\/ref=sr_1_2?s=books&amp;ie=UTF8&amp;qid=1543359041&amp;sr=1-2&amp;keywords=the+verbal+behavior+approach\" target=\"_blank\" rel=\"noopener\">El enfoque del comportamiento verbal<\/a>. Filadelfia, PA: Jessica Kingsley Publishers.<\/li><li>Newman, B., Reinecke, DR, Hammond, T. (2005) <a href=\"https:\/\/www.amazon.com\/Behaviorask-Straight-Answers-Programming-Questions\/dp\/0966852850\/ref=mt_paperback?_encoding=UTF8&amp;me=&amp;qid=\" target=\"_blank\" rel=\"noopener\">Behaviorask: respuestas directas a las preguntas de programaci\u00f3n ABA<\/a>. Derechos de autor Bobby Newman.<\/li><li>Newman, B., Reinecke, DR, Hammond, T. (2003) <a href=\"https:\/\/www.amazon.com\/Behaviorspeak-Glossary-Applied-Behavior-Analysis\/dp\/0966852842\/ref=sr_1_1?s=books&amp;ie=UTF8&amp;qid=1543360296&amp;sr=1-1&amp;keywords=behaviorspeak\" target=\"_blank\" rel=\"noopener\">Behaviorspeak: un glosario de t\u00e9rminos en el an\u00e1lisis de comportamiento aplicado<\/a>. Derechos de autor Bobby Newman.<\/li><li>Friman, PC (2011) <a href=\"https:\/\/www.amazon.com\/Good-Night-Sweet-Dreams-Love\/dp\/1889322652\/ref=tmm_pap_swatch_0?_encoding=UTF8&amp;qid=1543359264&amp;sr=1-1\" target=\"_blank\" rel=\"noopener\">Buenas noches, dulces sue\u00f1os, te amo: \u00a1ahora m\u00e9tete en la cama y vete a dormir!<\/a> Boys Town, NE: Boys Town Press<\/li><li>Paige, L. (2011) <a href=\"https:\/\/www.amazon.com\/Parenting-Science-Behavior-Analysis-Sanity\/dp\/0692495282\/ref=sr_1_1?ie=UTF8&amp;qid=1543880708&amp;sr=8-1&amp;keywords=parenting+with+Science\" target=\"_blank\" rel=\"noopener\">Crianza de los hijos con ciencia: el an\u00e1lisis del comportamiento salva la cordura de la madre<\/a>.<\/li><li>Minahan, J., Rappaport, N. (2012) <a href=\"https:\/\/www.amazon.com\/Behavior-Code-Practical-Understanding-Challenging\/dp\/1612501362\/ref=sr_1_1?ie=UTF8&amp;qid=1543880816&amp;sr=8-1&amp;keywords=the+behavior+code\" target=\"_blank\" rel=\"noopener\">El C\u00f3digo de comportamiento: una gu\u00eda pr\u00e1ctica para comprender y ense\u00f1ar a los estudiantes m\u00e1s desafiantes<\/a>.<\/li><li>Baily, J., Burch, M. (2006) <a href=\"https:\/\/www.amazon.com\/Think-Like-Behavior-Analyst-Understanding\/dp\/0805858881\/ref=sr_1_fkmr2_1?ie=UTF8&amp;qid=1543880992&amp;sr=8-1-fkmr2&amp;keywords=thinking+like+a+behavior+analyst\" target=\"_blank\" rel=\"noopener\">C\u00f3mo pensar como un analista de comportamiento: comprender la ciencia que puede cambiar tu vida<\/a>.<\/li><\/ul>\t\t\t\t\t\t\t\t<\/div>\n\t\t\t\t<\/div>\n\t\t\t\t\t<\/div>\n\t\t<\/div>\n\t\t\t\t\t<\/div>\n\t\t<\/section>\n\t\t\t\t<section class=\"elementor-section elementor-inner-section elementor-element elementor-element-8ab4238 elementor-section-boxed elementor-section-height-default elementor-section-height-default\" data-id=\"8ab4238\" data-element_type=\"section\" data-e-type=\"section\" id=\"resources\">\n\t\t\t\t\t\t<div class=\"elementor-container elementor-column-gap-default\">\n\t\t\t\t\t<div class=\"elementor-column elementor-col-100 elementor-inner-column elementor-element elementor-element-564ccca\" data-id=\"564ccca\" data-element_type=\"column\" data-e-type=\"column\">\n\t\t\t<div class=\"elementor-widget-wrap elementor-element-populated\">\n\t\t\t\t\t\t<div class=\"elementor-element elementor-element-9088ee9 heading-orange elementor-widget elementor-widget-heading\" data-id=\"9088ee9\" data-element_type=\"widget\" data-e-type=\"widget\" data-widget_type=\"heading.default\">\n\t\t\t\t<div class=\"elementor-widget-container\">\n\t\t\t\t\t<h2 class=\"elementor-heading-title elementor-size-default\">Recursos en l\u00ednea<\/h2>\t\t\t\t<\/div>\n\t\t\t\t<\/div>\n\t\t\t\t<div class=\"elementor-element elementor-element-d1e6638 elementor-widget elementor-widget-text-editor\" data-id=\"d1e6638\" data-element_type=\"widget\" data-e-type=\"widget\" data-widget_type=\"text-editor.default\">\n\t\t\t\t<div class=\"elementor-widget-container\">\n\t\t\t\t\t\t\t\t\t<ul data-rte-list=\"default\"><li><a href=\"https:\/\/asatonline.org\/\" target=\"_blank\" rel=\"noopener\">Asociaci\u00f3n para la ciencia en autismo<\/a><\/li><li><a href=\"https:\/\/www.autismspeaks.org\/\" target=\"_blank\" rel=\"noopener\">El autismo habla<\/a><\/li><li><a href=\"https:\/\/wmich.edu\/autism\/resources\" target=\"_blank\" rel=\"noopener\">Recursos del Centro de Excelencia de Autismo de WMU<\/a><\/li><li><a href=\"https:\/\/www.marybarbera.com\/#\" target=\"_blank\" rel=\"noopener\">Mary Barbera<\/a><\/li><li><a href=\"https:\/\/www.bacb.com\/wp-content\/uploads\/2017\/09\/ABA_Guidelines_for_ASD.pdf\" target=\"_blank\" rel=\"noopener\">Directrices de la Junta de Certificaci\u00f3n de An\u00e1lisis de Comportamiento (BACB) para los servicios de ABA<\/a><\/li><\/ul>\t\t\t\t\t\t\t\t<\/div>\n\t\t\t\t<\/div>\n\t\t\t\t\t<\/div>\n\t\t<\/div>\n\t\t\t\t\t<\/div>\n\t\t<\/section>\n\t\t\t\t<section class=\"elementor-section elementor-inner-section elementor-element elementor-element-918025c elementor-section-boxed elementor-section-height-default elementor-section-height-default\" data-id=\"918025c\" data-element_type=\"section\" data-e-type=\"section\" id=\"specifics\">\n\t\t\t\t\t\t<div class=\"elementor-container elementor-column-gap-default\">\n\t\t\t\t\t<div class=\"elementor-column elementor-col-100 elementor-inner-column elementor-element elementor-element-b566258\" data-id=\"b566258\" data-element_type=\"column\" data-e-type=\"column\">\n\t\t\t<div class=\"elementor-widget-wrap elementor-element-populated\">\n\t\t\t\t\t\t<div class=\"elementor-element elementor-element-a7b7b57 heading-orange elementor-widget elementor-widget-heading\" data-id=\"a7b7b57\" data-element_type=\"widget\" data-e-type=\"widget\" data-widget_type=\"heading.default\">\n\t\t\t\t<div class=\"elementor-widget-container\">\n\t\t\t\t\t<h2 class=\"elementor-heading-title elementor-size-default\">Detalles espec\u00edficos<\/h2>\t\t\t\t<\/div>\n\t\t\t\t<\/div>\n\t\t\t\t<div class=\"elementor-element elementor-element-a9786c8 elementor-widget elementor-widget-text-editor\" data-id=\"a9786c8\" data-element_type=\"widget\" data-e-type=\"widget\" data-widget_type=\"text-editor.default\">\n\t\t\t\t<div class=\"elementor-widget-container\">\n\t\t\t\t\t\t\t\t\t<ul data-rte-list=\"default\"><li><a href=\"https:\/\/www.actcommunity.ca\/education\/videos\/toilet-training-for-everyone\" target=\"_blank\" rel=\"noopener\">\u00a1Ba\u00f1o de entrenamiento!<\/a><\/li><li>Ayuda con la hora de dormir!<br \/><ul data-rte-list=\"default\"><li>Friman, PC (2011) <a href=\"https:\/\/www.amazon.com\/Good-Night-Sweet-Dreams-Love\/dp\/1889322652\/ref=tmm_pap_swatch_0?_encoding=UTF8&amp;qid=1543359264&amp;sr=1-1\" target=\"_blank\" rel=\"noopener\">Buenas noches, dulces sue\u00f1os, te amo: \u00a1ahora m\u00e9tete en la cama y vete a dormir!<\/a> Boys Town, NE: Boys Town Press<\/li><li>\u00a1Ayuda profunda con la hora de acostarse! (<a href=\"http:\/\/legacy.wpsu.org\/live\/2012_player\/68686\" target=\"_blank\" rel=\"noopener\">Video de 3 horas<\/a>)<br \/><br \/><\/li><\/ul><\/li><li>Navigating the Educational System<ul data-rte-list=\"default\"><li><a href=\"https:\/\/abavbgroup.com\/wp-content\/uploads\/2023\/10\/Education-Advocacy.pdf\" target=\"_blank\" rel=\"noopener\">Education Advocacy<\/a><\/li><li><a href=\"https:\/\/abavbgroup.com\/wp-content\/uploads\/2023\/10\/Modification-Policies-over-5-years-old.pdf\" target=\"_blank\" rel=\"noopener\">Modification &amp; Policies Over 5 Years Old<\/a><\/li><li><a href=\"https:\/\/abavbgroup.com\/wp-content\/uploads\/2023\/10\/Transition-Resources.pdf\" target=\"_blank\" rel=\"noopener\">Transition Resources<\/a><\/li><\/ul><\/li><\/ul>\t\t\t\t\t\t\t\t<\/div>\n\t\t\t\t<\/div>\n\t\t\t\t\t<\/div>\n\t\t<\/div>\n\t\t\t\t\t<\/div>\n\t\t<\/section>\n\t\t\t\t\t<\/div>\n\t\t<\/div>\n\t\t\t\t\t<\/div>\n\t\t<\/section>\n\t\t\t\t<\/div>","protected":false},"excerpt":{"rendered":"<p>Information for Parents and Guardians Below are some forms you may need in the course of our working relationship together, as well as information about our commitment to your privacy.\u00a0 Some of this information can be complicated &#8211; please contact us if you have any questions or need help. Your Health Privacy HIPPA, the Health [&hellip;]<\/p>\n","protected":false},"author":1,"featured_media":0,"parent":0,"menu_order":0,"comment_status":"closed","ping_status":"closed","template":"elementor_header_footer","meta":{"_seopress_robots_primary_cat":"","_seopress_titles_title":"","_seopress_titles_desc":"","_seopress_robots_index":"","inline_featured_image":false,"ocean_post_layout":"","ocean_both_sidebars_style":"","ocean_both_sidebars_content_width":0,"ocean_both_sidebars_sidebars_width":0,"ocean_sidebar":"","ocean_second_sidebar":"","ocean_disable_margins":"enable","ocean_add_body_class":"","ocean_shortcode_before_top_bar":"","ocean_shortcode_after_top_bar":"","ocean_shortcode_before_header":"","ocean_shortcode_after_header":"","ocean_has_shortcode":"","ocean_shortcode_after_title":"","ocean_shortcode_before_footer_widgets":"","ocean_shortcode_after_footer_widgets":"","ocean_shortcode_before_footer_bottom":"","ocean_shortcode_after_footer_bottom":"","ocean_display_top_bar":"default","ocean_display_header":"default","ocean_header_style":"","ocean_center_header_left_menu":"","ocean_custom_header_template":"","ocean_custom_logo":0,"ocean_custom_retina_logo":0,"ocean_custom_logo_max_width":0,"ocean_custom_logo_tablet_max_width":0,"ocean_custom_logo_mobile_max_width":0,"ocean_custom_logo_max_height":0,"ocean_custom_logo_tablet_max_height":0,"ocean_custom_logo_mobile_max_height":0,"ocean_header_custom_menu":"","ocean_menu_typo_font_family":"","ocean_menu_typo_font_subset":"","ocean_menu_typo_font_size":0,"ocean_menu_typo_font_size_tablet":0,"ocean_menu_typo_font_size_mobile":0,"ocean_menu_typo_font_size_unit":"px","ocean_menu_typo_font_weight":"","ocean_menu_typo_font_weight_tablet":"","ocean_menu_typo_font_weight_mobile":"","ocean_menu_typo_transform":"","ocean_menu_typo_transform_tablet":"","ocean_menu_typo_transform_mobile":"","ocean_menu_typo_line_height":0,"ocean_menu_typo_line_height_tablet":0,"ocean_menu_typo_line_height_mobile":0,"ocean_menu_typo_line_height_unit":"","ocean_menu_typo_spacing":0,"ocean_menu_typo_spacing_tablet":0,"ocean_menu_typo_spacing_mobile":0,"ocean_menu_typo_spacing_unit":"","ocean_menu_link_color":"","ocean_menu_link_color_hover":"","ocean_menu_link_color_active":"","ocean_menu_link_background":"","ocean_menu_link_hover_background":"","ocean_menu_link_active_background":"","ocean_menu_social_links_bg":"","ocean_menu_social_hover_links_bg":"","ocean_menu_social_links_color":"","ocean_menu_social_hover_links_color":"","ocean_disable_title":"default","ocean_disable_heading":"default","ocean_post_title":"","ocean_post_subheading":"","ocean_post_title_style":"","ocean_post_title_background_color":"","ocean_post_title_background":0,"ocean_post_title_bg_image_position":"","ocean_post_title_bg_image_attachment":"","ocean_post_title_bg_image_repeat":"","ocean_post_title_bg_image_size":"","ocean_post_title_height":0,"ocean_post_title_bg_overlay":0.5,"ocean_post_title_bg_overlay_color":"","ocean_disable_breadcrumbs":"default","ocean_breadcrumbs_color":"","ocean_breadcrumbs_separator_color":"","ocean_breadcrumbs_links_color":"","ocean_breadcrumbs_links_hover_color":"","ocean_display_footer_widgets":"default","ocean_display_footer_bottom":"default","ocean_custom_footer_template":"","footnotes":""},"class_list":["post-569","page","type-page","status-publish","hentry","entry"],"jetpack_sharing_enabled":true,"_links":{"self":[{"href":"https:\/\/abavbgroup.com\/mx\/wp-json\/wp\/v2\/pages\/569","targetHints":{"allow":["GET"]}}],"collection":[{"href":"https:\/\/abavbgroup.com\/mx\/wp-json\/wp\/v2\/pages"}],"about":[{"href":"https:\/\/abavbgroup.com\/mx\/wp-json\/wp\/v2\/types\/page"}],"author":[{"embeddable":true,"href":"https:\/\/abavbgroup.com\/mx\/wp-json\/wp\/v2\/users\/1"}],"replies":[{"embeddable":true,"href":"https:\/\/abavbgroup.com\/mx\/wp-json\/wp\/v2\/comments?post=569"}],"version-history":[{"count":0,"href":"https:\/\/abavbgroup.com\/mx\/wp-json\/wp\/v2\/pages\/569\/revisions"}],"wp:attachment":[{"href":"https:\/\/abavbgroup.com\/mx\/wp-json\/wp\/v2\/media?parent=569"}],"curies":[{"name":"wp","href":"https:\/\/api.w.org\/{rel}","templated":true}]}}