{"id":195,"date":"2019-09-30T17:11:21","date_gmt":"2019-09-30T17:11:21","guid":{"rendered":"https:\/\/abavbgroup.com\/?page_id=195"},"modified":"2022-09-18T14:56:52","modified_gmt":"2022-09-18T14:56:52","slug":"news-and-updates","status":"publish","type":"page","link":"https:\/\/abavbgroup.com\/mx\/news-and-updates\/","title":{"rendered":"Noticias y actualizaciones"},"content":{"rendered":"<div data-elementor-type=\"wp-page\" data-elementor-id=\"195\" class=\"elementor elementor-195\" data-elementor-post-type=\"page\">\n\t\t\t\t\t\t<section class=\"elementor-section elementor-top-section elementor-element elementor-element-06e3c5f elementor-section-boxed elementor-section-height-default elementor-section-height-default\" data-id=\"06e3c5f\" data-element_type=\"section\" data-e-type=\"section\">\n\t\t\t\t\t\t<div class=\"elementor-container elementor-column-gap-default\">\n\t\t\t\t\t<div class=\"elementor-column elementor-col-100 elementor-top-column elementor-element elementor-element-c9a1f37\" data-id=\"c9a1f37\" data-element_type=\"column\" data-e-type=\"column\">\n\t\t\t<div class=\"elementor-widget-wrap elementor-element-populated\">\n\t\t\t\t\t\t<div class=\"elementor-element elementor-element-2fa3e77 heading-orange elementor-widget elementor-widget-heading\" data-id=\"2fa3e77\" data-element_type=\"widget\" data-e-type=\"widget\" data-widget_type=\"heading.default\">\n\t\t\t\t<div class=\"elementor-widget-container\">\n\t\t\t\t\t<h1 class=\"elementor-heading-title elementor-size-default\">ABA Insights<\/h1>\t\t\t\t<\/div>\n\t\t\t\t<\/div>\n\t\t\t\t<div class=\"elementor-element elementor-element-9166e2b elementor-grid-3 elementor-grid-tablet-2 elementor-grid-mobile-1 elementor-posts--thumbnail-top elementor-widget elementor-widget-posts\" data-id=\"9166e2b\" data-element_type=\"widget\" data-e-type=\"widget\" data-settings=\"{&quot;classic_row_gap&quot;:{&quot;unit&quot;:&quot;px&quot;,&quot;size&quot;:0,&quot;sizes&quot;:[]},&quot;classic_columns&quot;:&quot;3&quot;,&quot;classic_columns_tablet&quot;:&quot;2&quot;,&quot;classic_columns_mobile&quot;:&quot;1&quot;,&quot;classic_row_gap_tablet&quot;:{&quot;unit&quot;:&quot;px&quot;,&quot;size&quot;:&quot;&quot;,&quot;sizes&quot;:[]},&quot;classic_row_gap_mobile&quot;:{&quot;unit&quot;:&quot;px&quot;,&quot;size&quot;:&quot;&quot;,&quot;sizes&quot;:[]}}\" data-widget_type=\"posts.classic\">\n\t\t\t\t<div class=\"elementor-widget-container\">\n\t\t\t\t\t\t\t<div class=\"elementor-posts-container elementor-posts elementor-posts--skin-classic elementor-grid\" role=\"list\">\n\t\t\t\t<article class=\"elementor-post elementor-grid-item post-645 post type-post status-publish format-standard has-post-thumbnail hentry category-general entry has-media\" role=\"listitem\">\n\t\t\t\t<a class=\"elementor-post__thumbnail__link\" href=\"https:\/\/abavbgroup.com\/mx\/what-sets-apart-a-great-aba-program-from-an-okay-aba-program\/\" tabindex=\"-1\" >\n\t\t\t<div class=\"elementor-post__thumbnail\"><img fetchpriority=\"high\" decoding=\"async\" width=\"1024\" height=\"684\" src=\"https:\/\/abavbgroup.com\/wp-content\/uploads\/2020\/04\/ian-schneider-TamMbr4okv4-unsplash-1024x684.jpg\" class=\"attachment-large size-large wp-image-690\" alt=\"\" srcset=\"https:\/\/abavbgroup.com\/wp-content\/uploads\/2020\/04\/ian-schneider-TamMbr4okv4-unsplash-1024x684.jpg 1024w, https:\/\/abavbgroup.com\/wp-content\/uploads\/2020\/04\/ian-schneider-TamMbr4okv4-unsplash-300x200.jpg 300w, https:\/\/abavbgroup.com\/wp-content\/uploads\/2020\/04\/ian-schneider-TamMbr4okv4-unsplash-768x513.jpg 768w, https:\/\/abavbgroup.com\/wp-content\/uploads\/2020\/04\/ian-schneider-TamMbr4okv4-unsplash-1536x1025.jpg 1536w, https:\/\/abavbgroup.com\/wp-content\/uploads\/2020\/04\/ian-schneider-TamMbr4okv4-unsplash-2048x1367.jpg 2048w\" sizes=\"(max-width: 1024px) 100vw, 1024px\" \/><\/div>\n\t\t<\/a>\n\t\t\t\t<div class=\"elementor-post__text\">\n\t\t\t\t<h3 class=\"elementor-post__title\">\n\t\t\t<a href=\"https:\/\/abavbgroup.com\/mx\/what-sets-apart-a-great-aba-program-from-an-okay-aba-program\/\" >\n\t\t\t\tLo que nos diferencia\t\t\t<\/a>\n\t\t<\/h3>\n\t\t\t\t<div class=\"elementor-post__meta-data\">\n\t\t\t\t\t<span class=\"elementor-post-author\">\n\t\t\tDr. Lynn Wilson\t\t<\/span>\n\t\t\t\t<span class=\"elementor-post-date\">\n\t\t\toctubre 17, 2023\t\t<\/span>\n\t\t\t\t<\/div>\n\t\t\t\t<div class=\"elementor-post__excerpt\">\n\t\t\t<p>Creemos que somos geniales. Habiendo dicho eso, \u00bfqu\u00e9 distingue un gran programa ABA de un programa ABA aceptable?<\/p>\n\t\t<\/div>\n\t\t\n\t\t<a class=\"elementor-post__read-more\" href=\"https:\/\/abavbgroup.com\/mx\/what-sets-apart-a-great-aba-program-from-an-okay-aba-program\/\" aria-label=\"Read more about What Sets Us Apart\" tabindex=\"-1\" >\n\t\t\tSigue leyendo\t\t<\/a>\n\n\t\t\t\t<\/div>\n\t\t\t\t<\/article>\n\t\t\t\t<article class=\"elementor-post elementor-grid-item post-1042 post type-post status-publish format-standard has-post-thumbnail hentry category-general entry has-media\" role=\"listitem\">\n\t\t\t\t<a class=\"elementor-post__thumbnail__link\" href=\"https:\/\/abavbgroup.com\/mx\/why-the-jargon\/\" tabindex=\"-1\" >\n\t\t\t<div class=\"elementor-post__thumbnail\"><img decoding=\"async\" width=\"1024\" height=\"641\" src=\"https:\/\/abavbgroup.com\/wp-content\/uploads\/2022\/09\/AdobeStock_318407279-1024x641.jpeg\" class=\"attachment-large size-large wp-image-1044\" alt=\"\" srcset=\"https:\/\/abavbgroup.com\/wp-content\/uploads\/2022\/09\/AdobeStock_318407279-1024x641.jpeg 1024w, https:\/\/abavbgroup.com\/wp-content\/uploads\/2022\/09\/AdobeStock_318407279-300x188.jpeg 300w, https:\/\/abavbgroup.com\/wp-content\/uploads\/2022\/09\/AdobeStock_318407279-768x481.jpeg 768w, https:\/\/abavbgroup.com\/wp-content\/uploads\/2022\/09\/AdobeStock_318407279-1536x961.jpeg 1536w, https:\/\/abavbgroup.com\/wp-content\/uploads\/2022\/09\/AdobeStock_318407279-2048x1281.jpeg 2048w, https:\/\/abavbgroup.com\/wp-content\/uploads\/2022\/09\/AdobeStock_318407279-18x12.jpeg 18w\" sizes=\"(max-width: 1024px) 100vw, 1024px\" \/><\/div>\n\t\t<\/a>\n\t\t\t\t<div class=\"elementor-post__text\">\n\t\t\t\t<h3 class=\"elementor-post__title\">\n\t\t\t<a href=\"https:\/\/abavbgroup.com\/mx\/why-the-jargon\/\" >\n\t\t\t\tWhy the Jargon?\t\t\t<\/a>\n\t\t<\/h3>\n\t\t\t\t<div class=\"elementor-post__meta-data\">\n\t\t\t\t\t<span class=\"elementor-post-author\">\n\t\t\tDr. Lynn Wilson\t\t<\/span>\n\t\t\t\t<span class=\"elementor-post-date\">\n\t\t\tseptiembre 14, 2022\t\t<\/span>\n\t\t\t\t<\/div>\n\t\t\t\t<div class=\"elementor-post__excerpt\">\n\t\t\t<p>Discrimination, escape, function of behavior, even reinforcement. All such unfamiliar (in the context in which they are used) and even harsh-sounding words. Why don&#8217;t practitioners of ABA use<\/p>\n\t\t<\/div>\n\t\t\n\t\t<a class=\"elementor-post__read-more\" href=\"https:\/\/abavbgroup.com\/mx\/why-the-jargon\/\" aria-label=\"Read more about Why the Jargon?\" tabindex=\"-1\" >\n\t\t\tSigue leyendo\t\t<\/a>\n\n\t\t\t\t<\/div>\n\t\t\t\t<\/article>\n\t\t\t\t<article class=\"elementor-post elementor-grid-item post-991 post type-post status-publish format-standard has-post-thumbnail hentry category-general entry has-media\" role=\"listitem\">\n\t\t\t\t<a class=\"elementor-post__thumbnail__link\" href=\"https:\/\/abavbgroup.com\/mx\/the-long-term-effects-of-aba\/\" tabindex=\"-1\" >\n\t\t\t<div class=\"elementor-post__thumbnail\"><img decoding=\"async\" width=\"1024\" height=\"629\" src=\"https:\/\/abavbgroup.com\/wp-content\/uploads\/2022\/04\/AdobeStock_81281252-1024x629.jpeg\" class=\"attachment-large size-large wp-image-995\" alt=\"\" srcset=\"https:\/\/abavbgroup.com\/wp-content\/uploads\/2022\/04\/AdobeStock_81281252-1024x629.jpeg 1024w, https:\/\/abavbgroup.com\/wp-content\/uploads\/2022\/04\/AdobeStock_81281252-300x184.jpeg 300w, https:\/\/abavbgroup.com\/wp-content\/uploads\/2022\/04\/AdobeStock_81281252-768x472.jpeg 768w, https:\/\/abavbgroup.com\/wp-content\/uploads\/2022\/04\/AdobeStock_81281252-1536x944.jpeg 1536w, https:\/\/abavbgroup.com\/wp-content\/uploads\/2022\/04\/AdobeStock_81281252-2048x1258.jpeg 2048w, https:\/\/abavbgroup.com\/wp-content\/uploads\/2022\/04\/AdobeStock_81281252-18x12.jpeg 18w\" sizes=\"(max-width: 1024px) 100vw, 1024px\" \/><\/div>\n\t\t<\/a>\n\t\t\t\t<div class=\"elementor-post__text\">\n\t\t\t\t<h3 class=\"elementor-post__title\">\n\t\t\t<a href=\"https:\/\/abavbgroup.com\/mx\/the-long-term-effects-of-aba\/\" >\n\t\t\t\tThe Long-Term Effects of ABA\t\t\t<\/a>\n\t\t<\/h3>\n\t\t\t\t<div class=\"elementor-post__meta-data\">\n\t\t\t\t\t<span class=\"elementor-post-author\">\n\t\t\tDr. Lynn Wilson\t\t<\/span>\n\t\t\t\t<span class=\"elementor-post-date\">\n\t\t\tabril 6, 2022\t\t<\/span>\n\t\t\t\t<\/div>\n\t\t\t\t<div class=\"elementor-post__excerpt\">\n\t\t\t<p>When done correctly, an inspiring aspect of ABA is that the personality of a child can be gradually be revealed. We take great delight when one of the<\/p>\n\t\t<\/div>\n\t\t\n\t\t<a class=\"elementor-post__read-more\" href=\"https:\/\/abavbgroup.com\/mx\/the-long-term-effects-of-aba\/\" aria-label=\"Read more about The Long-Term Effects of ABA\" tabindex=\"-1\" >\n\t\t\tSigue leyendo\t\t<\/a>\n\n\t\t\t\t<\/div>\n\t\t\t\t<\/article>\n\t\t\t\t<article class=\"elementor-post elementor-grid-item post-971 post type-post status-publish format-standard has-post-thumbnail hentry category-general entry has-media\" role=\"listitem\">\n\t\t\t\t<a class=\"elementor-post__thumbnail__link\" href=\"https:\/\/abavbgroup.com\/mx\/a-beautiful-partnership\/\" tabindex=\"-1\" >\n\t\t\t<div class=\"elementor-post__thumbnail\"><img loading=\"lazy\" decoding=\"async\" width=\"1024\" height=\"683\" src=\"https:\/\/abavbgroup.com\/wp-content\/uploads\/2021\/11\/iStock-845547386-1024x683.jpg\" class=\"attachment-large size-large wp-image-973\" alt=\"\" srcset=\"https:\/\/abavbgroup.com\/wp-content\/uploads\/2021\/11\/iStock-845547386-1024x683.jpg 1024w, https:\/\/abavbgroup.com\/wp-content\/uploads\/2021\/11\/iStock-845547386-300x200.jpg 300w, https:\/\/abavbgroup.com\/wp-content\/uploads\/2021\/11\/iStock-845547386-768x512.jpg 768w, https:\/\/abavbgroup.com\/wp-content\/uploads\/2021\/11\/iStock-845547386-18x12.jpg 18w, https:\/\/abavbgroup.com\/wp-content\/uploads\/2021\/11\/iStock-845547386.jpg 1254w\" sizes=\"(max-width: 1024px) 100vw, 1024px\" \/><\/div>\n\t\t<\/a>\n\t\t\t\t<div class=\"elementor-post__text\">\n\t\t\t\t<h3 class=\"elementor-post__title\">\n\t\t\t<a href=\"https:\/\/abavbgroup.com\/mx\/a-beautiful-partnership\/\" >\n\t\t\t\tA Beautiful Partnership\t\t\t<\/a>\n\t\t<\/h3>\n\t\t\t\t<div class=\"elementor-post__meta-data\">\n\t\t\t\t\t<span class=\"elementor-post-author\">\n\t\t\tDr. Lynn Wilson\t\t<\/span>\n\t\t\t\t<span class=\"elementor-post-date\">\n\t\t\tnoviembre 21, 2021\t\t<\/span>\n\t\t\t\t<\/div>\n\t\t\t\t<div class=\"elementor-post__excerpt\">\n\t\t\t<p>Within the field of ABA, there is really nothing more satisfying than the bittersweet end to an ABA program when a child has met all their goals and<\/p>\n\t\t<\/div>\n\t\t\n\t\t<a class=\"elementor-post__read-more\" href=\"https:\/\/abavbgroup.com\/mx\/a-beautiful-partnership\/\" aria-label=\"Read more about A Beautiful Partnership\" tabindex=\"-1\" >\n\t\t\tSigue leyendo\t\t<\/a>\n\n\t\t\t\t<\/div>\n\t\t\t\t<\/article>\n\t\t\t\t<article class=\"elementor-post elementor-grid-item post-879 post type-post status-publish format-standard has-post-thumbnail hentry category-general entry has-media\" role=\"listitem\">\n\t\t\t\t<a class=\"elementor-post__thumbnail__link\" href=\"https:\/\/abavbgroup.com\/mx\/reaping-the-rewards-of-reinforcement\/\" tabindex=\"-1\" >\n\t\t\t<div class=\"elementor-post__thumbnail\"><img loading=\"lazy\" decoding=\"async\" width=\"1024\" height=\"682\" src=\"https:\/\/abavbgroup.com\/wp-content\/uploads\/2020\/10\/Stocksy_txpe32ff833QEr200_Medium_643803-1024x682.jpg\" class=\"attachment-large size-large wp-image-881\" alt=\"\" srcset=\"https:\/\/abavbgroup.com\/wp-content\/uploads\/2020\/10\/Stocksy_txpe32ff833QEr200_Medium_643803-1024x682.jpg 1024w, https:\/\/abavbgroup.com\/wp-content\/uploads\/2020\/10\/Stocksy_txpe32ff833QEr200_Medium_643803-300x200.jpg 300w, https:\/\/abavbgroup.com\/wp-content\/uploads\/2020\/10\/Stocksy_txpe32ff833QEr200_Medium_643803-768x512.jpg 768w, https:\/\/abavbgroup.com\/wp-content\/uploads\/2020\/10\/Stocksy_txpe32ff833QEr200_Medium_643803-1536x1024.jpg 1536w, https:\/\/abavbgroup.com\/wp-content\/uploads\/2020\/10\/Stocksy_txpe32ff833QEr200_Medium_643803.jpg 1733w\" sizes=\"(max-width: 1024px) 100vw, 1024px\" \/><\/div>\n\t\t<\/a>\n\t\t\t\t<div class=\"elementor-post__text\">\n\t\t\t\t<h3 class=\"elementor-post__title\">\n\t\t\t<a href=\"https:\/\/abavbgroup.com\/mx\/reaping-the-rewards-of-reinforcement\/\" >\n\t\t\t\tReaping the Rewards of Reinforcement\t\t\t<\/a>\n\t\t<\/h3>\n\t\t\t\t<div class=\"elementor-post__meta-data\">\n\t\t\t\t\t<span class=\"elementor-post-author\">\n\t\t\tDr. Lynn Wilson\t\t<\/span>\n\t\t\t\t<span class=\"elementor-post-date\">\n\t\t\toctubre 14, 2020\t\t<\/span>\n\t\t\t\t<\/div>\n\t\t\t\t<div class=\"elementor-post__excerpt\">\n\t\t\t<p>Make no mistake: we ABA clinicians understand that children won\u2019t have anyone to hand them a reinforcer for every correct behavior throughout their childhood and certainly not going<\/p>\n\t\t<\/div>\n\t\t\n\t\t<a class=\"elementor-post__read-more\" href=\"https:\/\/abavbgroup.com\/mx\/reaping-the-rewards-of-reinforcement\/\" aria-label=\"Read more about Reaping the Rewards of Reinforcement\" tabindex=\"-1\" >\n\t\t\tSigue leyendo\t\t<\/a>\n\n\t\t\t\t<\/div>\n\t\t\t\t<\/article>\n\t\t\t\t<article class=\"elementor-post elementor-grid-item post-845 post type-post status-publish format-standard has-post-thumbnail hentry category-general entry has-media\" role=\"listitem\">\n\t\t\t\t<a class=\"elementor-post__thumbnail__link\" href=\"https:\/\/abavbgroup.com\/mx\/function-is-everything-or-at-least-a-lot\/\" tabindex=\"-1\" >\n\t\t\t<div class=\"elementor-post__thumbnail\"><img loading=\"lazy\" decoding=\"async\" width=\"1024\" height=\"683\" src=\"https:\/\/abavbgroup.com\/wp-content\/uploads\/2020\/07\/iStock-1179828258-1024x683.jpg\" class=\"attachment-large size-large wp-image-847\" alt=\"\" srcset=\"https:\/\/abavbgroup.com\/wp-content\/uploads\/2020\/07\/iStock-1179828258-1024x683.jpg 1024w, https:\/\/abavbgroup.com\/wp-content\/uploads\/2020\/07\/iStock-1179828258-300x200.jpg 300w, https:\/\/abavbgroup.com\/wp-content\/uploads\/2020\/07\/iStock-1179828258-768x512.jpg 768w, https:\/\/abavbgroup.com\/wp-content\/uploads\/2020\/07\/iStock-1179828258.jpg 1254w\" sizes=\"(max-width: 1024px) 100vw, 1024px\" \/><\/div>\n\t\t<\/a>\n\t\t\t\t<div class=\"elementor-post__text\">\n\t\t\t\t<h3 class=\"elementor-post__title\">\n\t\t\t<a href=\"https:\/\/abavbgroup.com\/mx\/function-is-everything-or-at-least-a-lot\/\" >\n\t\t\t\tFunction is Everything (or at least a lot)\t\t\t<\/a>\n\t\t<\/h3>\n\t\t\t\t<div class=\"elementor-post__meta-data\">\n\t\t\t\t\t<span class=\"elementor-post-author\">\n\t\t\tDr. Lynn Wilson\t\t<\/span>\n\t\t\t\t<span class=\"elementor-post-date\">\n\t\t\t10 de julio de 2020\t\t<\/span>\n\t\t\t\t<\/div>\n\t\t\t\t<div class=\"elementor-post__excerpt\">\n\t\t\t<p>En una publicaci\u00f3n anterior, habl\u00e9 sobre el conocimiento de lo que est\u00e1 apoyando o manteniendo un comportamiento como requisito previo para dise\u00f1ar un plan de comportamiento efectivo. Aunque el<\/p>\n\t\t<\/div>\n\t\t\n\t\t<a class=\"elementor-post__read-more\" href=\"https:\/\/abavbgroup.com\/mx\/function-is-everything-or-at-least-a-lot\/\" aria-label=\"Read more about Function is Everything (or at least a lot)\" tabindex=\"-1\" >\n\t\t\tSigue leyendo\t\t<\/a>\n\n\t\t\t\t<\/div>\n\t\t\t\t<\/article>\n\t\t\t\t<article class=\"elementor-post elementor-grid-item post-748 post type-post status-publish format-standard has-post-thumbnail hentry category-general entry has-media\" role=\"listitem\">\n\t\t\t\t<a class=\"elementor-post__thumbnail__link\" href=\"https:\/\/abavbgroup.com\/mx\/the-kindness-of-extinction\/\" tabindex=\"-1\" >\n\t\t\t<div class=\"elementor-post__thumbnail\"><img loading=\"lazy\" decoding=\"async\" width=\"1024\" height=\"872\" src=\"https:\/\/abavbgroup.com\/wp-content\/uploads\/2020\/06\/iStock-485684680-scaled-e1594310545487-1024x872.jpg\" class=\"attachment-large size-large wp-image-750\" alt=\"\" srcset=\"https:\/\/abavbgroup.com\/wp-content\/uploads\/2020\/06\/iStock-485684680-scaled-e1594310545487-1024x872.jpg 1024w, https:\/\/abavbgroup.com\/wp-content\/uploads\/2020\/06\/iStock-485684680-scaled-e1594310545487-300x256.jpg 300w, https:\/\/abavbgroup.com\/wp-content\/uploads\/2020\/06\/iStock-485684680-scaled-e1594310545487-768x654.jpg 768w, https:\/\/abavbgroup.com\/wp-content\/uploads\/2020\/06\/iStock-485684680-scaled-e1594310545487-1536x1309.jpg 1536w, https:\/\/abavbgroup.com\/wp-content\/uploads\/2020\/06\/iStock-485684680-scaled-e1594310545487.jpg 1945w\" sizes=\"(max-width: 1024px) 100vw, 1024px\" \/><\/div>\n\t\t<\/a>\n\t\t\t\t<div class=\"elementor-post__text\">\n\t\t\t\t<h3 class=\"elementor-post__title\">\n\t\t\t<a href=\"https:\/\/abavbgroup.com\/mx\/the-kindness-of-extinction\/\" >\n\t\t\t\tLa bondad de la extinci\u00f3n\t\t\t<\/a>\n\t\t<\/h3>\n\t\t\t\t<div class=\"elementor-post__meta-data\">\n\t\t\t\t\t<span class=\"elementor-post-author\">\n\t\t\tDr. Lynn Wilson\t\t<\/span>\n\t\t\t\t<span class=\"elementor-post-date\">\n\t\t\t5 de junio de 2020\t\t<\/span>\n\t\t\t\t<\/div>\n\t\t\t\t<div class=\"elementor-post__excerpt\">\n\t\t\t<p>Aunque la extinci\u00f3n puede ser una palabra que suena dura, para aquellos que est\u00e1n familiarizados con ella, se refiere a un procedimiento ABA bien establecido que es l\u00f3gico y directo.<\/p>\n\t\t<\/div>\n\t\t\n\t\t<a class=\"elementor-post__read-more\" href=\"https:\/\/abavbgroup.com\/mx\/the-kindness-of-extinction\/\" aria-label=\"Read more about The Kindness of Extinction\" tabindex=\"-1\" >\n\t\t\tSigue leyendo\t\t<\/a>\n\n\t\t\t\t<\/div>\n\t\t\t\t<\/article>\n\t\t\t\t<article class=\"elementor-post elementor-grid-item post-744 post type-post status-publish format-standard has-post-thumbnail hentry category-general entry has-media\" role=\"listitem\">\n\t\t\t\t<a class=\"elementor-post__thumbnail__link\" href=\"https:\/\/abavbgroup.com\/mx\/behavior-plans-explained\/\" tabindex=\"-1\" >\n\t\t\t<div class=\"elementor-post__thumbnail\"><img loading=\"lazy\" decoding=\"async\" width=\"1024\" height=\"529\" src=\"https:\/\/abavbgroup.com\/wp-content\/uploads\/2020\/06\/Stocksy_txpea158b320Zj200_Medium_1046449-e1594310580331-1024x529.jpg\" class=\"attachment-large size-large wp-image-746\" alt=\"\" srcset=\"https:\/\/abavbgroup.com\/wp-content\/uploads\/2020\/06\/Stocksy_txpea158b320Zj200_Medium_1046449-e1594310580331-1024x529.jpg 1024w, https:\/\/abavbgroup.com\/wp-content\/uploads\/2020\/06\/Stocksy_txpea158b320Zj200_Medium_1046449-e1594310580331-300x155.jpg 300w, https:\/\/abavbgroup.com\/wp-content\/uploads\/2020\/06\/Stocksy_txpea158b320Zj200_Medium_1046449-e1594310580331-768x397.jpg 768w, https:\/\/abavbgroup.com\/wp-content\/uploads\/2020\/06\/Stocksy_txpea158b320Zj200_Medium_1046449-e1594310580331-1536x794.jpg 1536w, https:\/\/abavbgroup.com\/wp-content\/uploads\/2020\/06\/Stocksy_txpea158b320Zj200_Medium_1046449-e1594310580331.jpg 1733w\" sizes=\"(max-width: 1024px) 100vw, 1024px\" \/><\/div>\n\t\t<\/a>\n\t\t\t\t<div class=\"elementor-post__text\">\n\t\t\t\t<h3 class=\"elementor-post__title\">\n\t\t\t<a href=\"https:\/\/abavbgroup.com\/mx\/behavior-plans-explained\/\" >\n\t\t\t\tPlanes de comportamiento explicados\t\t\t<\/a>\n\t\t<\/h3>\n\t\t\t\t<div class=\"elementor-post__meta-data\">\n\t\t\t\t\t<span class=\"elementor-post-author\">\n\t\t\tDr. Lynn Wilson\t\t<\/span>\n\t\t\t\t<span class=\"elementor-post-date\">\n\t\t\t5 de junio de 2020\t\t<\/span>\n\t\t\t\t<\/div>\n\t\t\t\t<div class=\"elementor-post__excerpt\">\n\t\t\t<p>Cuando era consultor de comportamiento y la gente me preguntaba a qu\u00e9 me dedicaba, les dec\u00eda algo como &quot;Trabajo con padres y desarrollo<\/p>\n\t\t<\/div>\n\t\t\n\t\t<a class=\"elementor-post__read-more\" href=\"https:\/\/abavbgroup.com\/mx\/behavior-plans-explained\/\" aria-label=\"Read more about Behavior Plans Explained\" tabindex=\"-1\" >\n\t\t\tSigue leyendo\t\t<\/a>\n\n\t\t\t\t<\/div>\n\t\t\t\t<\/article>\n\t\t\t\t<\/div>\n\t\t\n\t\t\t\t<div class=\"e-load-more-anchor\" data-page=\"1\" data-max-page=\"2\" data-next-page=\"https:\/\/abavbgroup.com\/mx\/wp-json\/wp\/v2\/pages\/195\/page\/2\/\"><\/div>\n\t\t\t\t<nav class=\"elementor-pagination\" aria-label=\"Pagination\">\n\t\t\t<span class=\"page-numbers prev\">Previous<\/span>\n<span aria-current=\"page\" class=\"page-numbers current\"><span class=\"elementor-screen-only\">Page<\/span>1<\/span>\n<a class=\"page-numbers\" href=\"https:\/\/abavbgroup.com\/mx\/wp-json\/wp\/v2\/pages\/195\/page\/2\/\"><span class=\"elementor-screen-only\">Page<\/span>2<\/a>\n<a class=\"page-numbers next\" href=\"https:\/\/abavbgroup.com\/mx\/wp-json\/wp\/v2\/pages\/195\/page\/2\/\">Next<\/a>\t\t<\/nav>\n\t\t\t\t\t\t<\/div>\n\t\t\t\t<\/div>\n\t\t\t\t\t<\/div>\n\t\t<\/div>\n\t\t\t\t\t<\/div>\n\t\t<\/section>\n\t\t\t\t<\/div>","protected":false},"excerpt":{"rendered":"<p>ABA Insights<\/p>","protected":false},"author":1,"featured_media":0,"parent":0,"menu_order":0,"comment_status":"closed","ping_status":"closed","template":"elementor_header_footer","meta":{"_seopress_robots_primary_cat":"","_seopress_titles_title":"","_seopress_titles_desc":"","_seopress_robots_index":"","inline_featured_image":false,"ocean_post_layout":"","ocean_both_sidebars_style":"","ocean_both_sidebars_content_width":0,"ocean_both_sidebars_sidebars_width":0,"ocean_sidebar":"","ocean_second_sidebar":"","ocean_disable_margins":"enable","ocean_add_body_class":"","ocean_shortcode_before_top_bar":"","ocean_shortcode_after_top_bar":"","ocean_shortcode_before_header":"","ocean_shortcode_after_header":"","ocean_has_shortcode":"","ocean_shortcode_after_title":"","ocean_shortcode_before_footer_widgets":"","ocean_shortcode_after_footer_widgets":"","ocean_shortcode_before_footer_bottom":"","ocean_shortcode_after_footer_bottom":"","ocean_display_top_bar":"default","ocean_display_header":"default","ocean_header_style":"","ocean_center_header_left_menu":"","ocean_custom_header_template":"","ocean_custom_logo":0,"ocean_custom_retina_logo":0,"ocean_custom_logo_max_width":0,"ocean_custom_logo_tablet_max_width":0,"ocean_custom_logo_mobile_max_width":0,"ocean_custom_logo_max_height":0,"ocean_custom_logo_tablet_max_height":0,"ocean_custom_logo_mobile_max_height":0,"ocean_header_custom_menu":"","ocean_menu_typo_font_family":"","ocean_menu_typo_font_subset":"","ocean_menu_typo_font_size":0,"ocean_menu_typo_font_size_tablet":0,"ocean_menu_typo_font_size_mobile":0,"ocean_menu_typo_font_size_unit":"px","ocean_menu_typo_font_weight":"","ocean_menu_typo_font_weight_tablet":"","ocean_menu_typo_font_weight_mobile":"","ocean_menu_typo_transform":"","ocean_menu_typo_transform_tablet":"","ocean_menu_typo_transform_mobile":"","ocean_menu_typo_line_height":0,"ocean_menu_typo_line_height_tablet":0,"ocean_menu_typo_line_height_mobile":0,"ocean_menu_typo_line_height_unit":"","ocean_menu_typo_spacing":0,"ocean_menu_typo_spacing_tablet":0,"ocean_menu_typo_spacing_mobile":0,"ocean_menu_typo_spacing_unit":"","ocean_menu_link_color":"","ocean_menu_link_color_hover":"","ocean_menu_link_color_active":"","ocean_menu_link_background":"","ocean_menu_link_hover_background":"","ocean_menu_link_active_background":"","ocean_menu_social_links_bg":"","ocean_menu_social_hover_links_bg":"","ocean_menu_social_links_color":"","ocean_menu_social_hover_links_color":"","ocean_disable_title":"default","ocean_disable_heading":"default","ocean_post_title":"","ocean_post_subheading":"","ocean_post_title_style":"","ocean_post_title_background_color":"","ocean_post_title_background":0,"ocean_post_title_bg_image_position":"","ocean_post_title_bg_image_attachment":"","ocean_post_title_bg_image_repeat":"","ocean_post_title_bg_image_size":"","ocean_post_title_height":0,"ocean_post_title_bg_overlay":0.5,"ocean_post_title_bg_overlay_color":"","ocean_disable_breadcrumbs":"default","ocean_breadcrumbs_color":"","ocean_breadcrumbs_separator_color":"","ocean_breadcrumbs_links_color":"","ocean_breadcrumbs_links_hover_color":"","ocean_display_footer_widgets":"default","ocean_display_footer_bottom":"default","ocean_custom_footer_template":"","footnotes":""},"class_list":["post-195","page","type-page","status-publish","hentry","entry","has-media"],"jetpack_sharing_enabled":true,"_links":{"self":[{"href":"https:\/\/abavbgroup.com\/mx\/wp-json\/wp\/v2\/pages\/195","targetHints":{"allow":["GET"]}}],"collection":[{"href":"https:\/\/abavbgroup.com\/mx\/wp-json\/wp\/v2\/pages"}],"about":[{"href":"https:\/\/abavbgroup.com\/mx\/wp-json\/wp\/v2\/types\/page"}],"author":[{"embeddable":true,"href":"https:\/\/abavbgroup.com\/mx\/wp-json\/wp\/v2\/users\/1"}],"replies":[{"embeddable":true,"href":"https:\/\/abavbgroup.com\/mx\/wp-json\/wp\/v2\/comments?post=195"}],"version-history":[{"count":0,"href":"https:\/\/abavbgroup.com\/mx\/wp-json\/wp\/v2\/pages\/195\/revisions"}],"wp:attachment":[{"href":"https:\/\/abavbgroup.com\/mx\/wp-json\/wp\/v2\/media?parent=195"}],"curies":[{"name":"wp","href":"https:\/\/api.w.org\/{rel}","templated":true}]}}